{"id":6644,"date":"2025-05-20T11:17:49","date_gmt":"2025-05-20T09:17:49","guid":{"rendered":"https:\/\/vdldemeeuw.be\/fr\/?page_id=6644"},"modified":"2025-06-25T12:29:03","modified_gmt":"2025-06-25T10:29:03","slug":"disclaimer","status":"publish","type":"page","link":"https:\/\/vdldemeeuw.be\/fr\/disclaimer\/","title":{"rendered":"Clause de non-responsabilit\u00e9"},"content":{"rendered":"<h2 class=\"novi-block block-heading h2\"data-mb=\"smaller\" id=\"novi-heading-472e66f8-e2a9-48e4-ab10-29101f469deb\">Clause de non-responsabilit\u00e9<\/h2>\n\n<p class=\"novi-block block-paragraph\"data-mb=\"small\">L\u2019acc\u00e8s et l\u2019utilisation du site internet <a class=\"\" href=\"https:\/\/vdldemeeuw.be\">https:\/\/vdldemeeuw.be\/<\/a> (ci-apr\u00e8s : \u00ab\u202fle site\u202f\u00bb) sont soumis aux conditions suivantes ainsi qu\u2019\u00e0 toutes les dispositions l\u00e9gales applicables. En acc\u00e9dant au site et en l\u2019utilisant, vous acceptez sans r\u00e9serve les pr\u00e9sentes conditions d\u2019utilisation.<br><br>ARTICLE 1 : CONTENU DU SITE<br>VDL De Meeuw a \u00e9labor\u00e9 le contenu de ce site, y compris mais sans s\u2019y limiter \u2013 les liens vers des actions promotionnelles d\u00e9velopp\u00e9es par ses soins, ainsi que toutes les informations et donn\u00e9es pr\u00e9sentes sur le site, avec le plus grand soin. Le site est toutefois fourni uniquement \u00e0 des fins informatives et de divertissement. Le contenu du site peut \u00eatre modifi\u00e9 \u00e0 tout moment, sans pr\u00e9avis. VDL De Meeuw ne garantit pas que le contenu du site est exact, \u00e0 jour ou complet, ni que le site fonctionnera sans interruption, sans erreurs, ou que ses syst\u00e8mes ne seront pas utilis\u00e9s de mani\u00e8re illicite par des tiers.<br><br>ARTICLE 2 : DROITS DE PROPRI\u00c9T\u00c9 INTELLECTUELLE<br>Les droits (de propri\u00e9t\u00e9 intellectuelle) relatifs au site, y compris les droits sur les textes, images, mise en page, bases de donn\u00e9es, photos et autres \u00e9l\u00e9ments visuels (fixes ou anim\u00e9s), sons, formats, logiciels, marques (y compris les noms de domaine) et autres \u00e9l\u00e9ments, appartiennent \u00e0 VDL De Meeuw et\/ou \u00e0 ses conc\u00e9dants de licence. Il est interdit de mettre le site \u00e0 disposition de tiers et\/ou de le reproduire, sauf pour le t\u00e9l\u00e9charger et le consulter sur un seul ordinateur, ou pour en imprimer une copie papier.<br><br>ARTICLE 3 : RESPONSABILIT\u00c9<br>VDL De Meeuw d\u00e9cline toute responsabilit\u00e9 pour tout dommage, direct ou indirect, r\u00e9sultant de ou li\u00e9 \u00e0 l\u2019utilisation du site. Plus sp\u00e9cifiquement, VDL De Meeuw ne pourra en aucun cas \u00eatre tenue responsable des dommages d\u00e9coulant d\u2019actions entreprises sur la base d\u2019informations pr\u00e9sentes sur le site et\/ou de l\u2019utilisation ill\u00e9gitime de ses syst\u00e8mes, y compris du site, par des tiers.<br><br>ARTICLE 4 : LIENS VERS D\u2019AUTRES SITES<br>Le site peut contenir des liens (par exemple via hyperlien, banni\u00e8re ou bouton) vers des sites de tiers. Sauf indication contraire explicite, VDL De Meeuw n\u2019a aucun contr\u00f4le sur ces sites. Elle n\u2019est pas responsable du contenu de ces sites.<br><br>ARTICLE 5 : S\u00c9CURIT\u00c9<br>VDL De Meeuw s\u2019efforce, dans la mesure du raisonnable, de prot\u00e9ger ses syst\u00e8mes contre toute perte et\/ou utilisation ill\u00e9gale. Elle met en \u0153uvre \u00e0 cet effet des mesures techniques et organisationnelles appropri\u00e9es, en tenant compte de l\u2019\u00e9tat actuel de la technique.<br><br>ARTICLE 6 : DISPOSITIONS DIVERSES<br>VDL De Meeuw se r\u00e9serve le droit de modifier \u00e0 tout moment les pr\u00e9sentes conditions d\u2019utilisation. Il est donc conseill\u00e9 de les consulter r\u00e9guli\u00e8rement. Les pr\u00e9sentes conditions sont r\u00e9gies par le droit n\u00e9erlandais. Tout litige sera soumis au tribunal comp\u00e9tent d\u2019Amsterdam.<\/p>\n\n<p class=\"novi-block block-paragraph\"data-mb=\"small\"><\/p>","protected":false},"excerpt":{"rendered":"","protected":false},"author":19,"featured_media":0,"parent":0,"menu_order":2,"comment_status":"closed","ping_status":"closed","template":"","meta":{"_acf_changed":false,"footnotes":""},"class_list":["post-6644","page","type-page","status-publish","hentry"],"acf":[],"yoast_head":"<title>Claude de non-responsabilit\u00e9 | VDL De Meeuw<\/title>\n<meta name=\"description\" content=\"Clause de non-responsabilit\u00e9 : conditions d\u2019utilisation, droits, s\u00e9curit\u00e9 et limites de responsabilit\u00e9 du site vdldemeeuw.be\" \/>\n<meta name=\"robots\" content=\"index, follow, max-snippet:-1, max-image-preview:large, max-video-preview:-1\" \/>\n<link rel=\"canonical\" href=\"https:\/\/vdldemeeuw.be\/fr\/disclaimer\/\" \/>\n<meta property=\"og:locale\" content=\"fr_FR\" \/>\n<meta property=\"og:type\" content=\"article\" \/>\n<meta property=\"og:title\" content=\"Claude de non-responsabilit\u00e9 | VDL De Meeuw\" \/>\n<meta property=\"og:description\" content=\"Clause de non-responsabilit\u00e9 : conditions d\u2019utilisation, droits, s\u00e9curit\u00e9 et limites de responsabilit\u00e9 du site vdldemeeuw.be\" \/>\n<meta property=\"og:url\" content=\"https:\/\/vdldemeeuw.be\/fr\/disclaimer\/\" \/>\n<meta property=\"og:site_name\" content=\"VDL De Meeuw FR\" \/>\n<meta property=\"article:modified_time\" content=\"2025-06-25T10:29:03+00:00\" \/>\n<meta name=\"twitter:card\" content=\"summary_large_image\" \/>\n<meta name=\"twitter:label1\" content=\"Dur\u00e9e de lecture estim\u00e9e\" \/>\n\t<meta name=\"twitter:data1\" content=\"3 minutes\" \/>\n<script type=\"application\/ld+json\" class=\"yoast-schema-graph\">{\"@context\":\"https:\/\/schema.org\",\"@graph\":[{\"@type\":\"WebPage\",\"@id\":\"https:\/\/vdldemeeuw.be\/fr\/disclaimer\/\",\"url\":\"https:\/\/vdldemeeuw.be\/fr\/disclaimer\/\",\"name\":\"Claude de non-responsabilit\u00e9 | VDL De Meeuw\",\"isPartOf\":{\"@id\":\"https:\/\/vdldemeeuw.be\/fr\/#website\"},\"datePublished\":\"2025-05-20T09:17:49+00:00\",\"dateModified\":\"2025-06-25T10:29:03+00:00\",\"description\":\"Clause de non-responsabilit\u00e9 : conditions d\u2019utilisation, droits, s\u00e9curit\u00e9 et limites de responsabilit\u00e9 du site vdldemeeuw.be\",\"breadcrumb\":{\"@id\":\"https:\/\/vdldemeeuw.be\/fr\/disclaimer\/#breadcrumb\"},\"inLanguage\":\"fr-FR\",\"potentialAction\":[{\"@type\":\"ReadAction\",\"target\":[\"https:\/\/vdldemeeuw.be\/fr\/disclaimer\/\"]}]},{\"@type\":\"BreadcrumbList\",\"@id\":\"https:\/\/vdldemeeuw.be\/fr\/disclaimer\/#breadcrumb\",\"itemListElement\":[{\"@type\":\"ListItem\",\"position\":1,\"name\":\"\",\"item\":\"https:\/\/vdldemeeuw.be\/fr\/\"},{\"@type\":\"ListItem\",\"position\":2,\"name\":\"Clause de non-responsabilit\u00e9\"}]},{\"@type\":\"WebSite\",\"@id\":\"https:\/\/vdldemeeuw.be\/fr\/#website\",\"url\":\"https:\/\/vdldemeeuw.be\/fr\/\",\"name\":\"VDL De Meeuw FR\",\"description\":\"\",\"potentialAction\":[{\"@type\":\"SearchAction\",\"target\":{\"@type\":\"EntryPoint\",\"urlTemplate\":\"https:\/\/vdldemeeuw.be\/fr\/?search-query={search_term_string}\"},\"query-input\":{\"@type\":\"PropertyValueSpecification\",\"valueRequired\":true,\"valueName\":\"search_term_string\"}}],\"inLanguage\":\"fr-FR\"}]}<\/script>","yoast_head_json":{"title":"Claude de non-responsabilit\u00e9 | VDL De Meeuw","description":"Clause de non-responsabilit\u00e9 : conditions d\u2019utilisation, droits, s\u00e9curit\u00e9 et limites de responsabilit\u00e9 du site vdldemeeuw.be","robots":{"index":"index","follow":"follow","max-snippet":"max-snippet:-1","max-image-preview":"max-image-preview:large","max-video-preview":"max-video-preview:-1"},"canonical":"https:\/\/vdldemeeuw.be\/fr\/disclaimer\/","og_locale":"fr_FR","og_type":"article","og_title":"Claude de non-responsabilit\u00e9 | VDL De Meeuw","og_description":"Clause de non-responsabilit\u00e9 : conditions d\u2019utilisation, droits, s\u00e9curit\u00e9 et limites de responsabilit\u00e9 du site vdldemeeuw.be","og_url":"https:\/\/vdldemeeuw.be\/fr\/disclaimer\/","og_site_name":"VDL De Meeuw FR","article_modified_time":"2025-06-25T10:29:03+00:00","twitter_card":"summary_large_image","twitter_misc":{"Dur\u00e9e de lecture estim\u00e9e":"3 minutes"},"schema":{"@context":"https:\/\/schema.org","@graph":[{"@type":"WebPage","@id":"https:\/\/vdldemeeuw.be\/fr\/disclaimer\/","url":"https:\/\/vdldemeeuw.be\/fr\/disclaimer\/","name":"Claude de non-responsabilit\u00e9 | VDL De Meeuw","isPartOf":{"@id":"https:\/\/vdldemeeuw.be\/fr\/#website"},"datePublished":"2025-05-20T09:17:49+00:00","dateModified":"2025-06-25T10:29:03+00:00","description":"Clause de non-responsabilit\u00e9 : conditions d\u2019utilisation, droits, s\u00e9curit\u00e9 et limites de responsabilit\u00e9 du site vdldemeeuw.be","breadcrumb":{"@id":"https:\/\/vdldemeeuw.be\/fr\/disclaimer\/#breadcrumb"},"inLanguage":"fr-FR","potentialAction":[{"@type":"ReadAction","target":["https:\/\/vdldemeeuw.be\/fr\/disclaimer\/"]}]},{"@type":"BreadcrumbList","@id":"https:\/\/vdldemeeuw.be\/fr\/disclaimer\/#breadcrumb","itemListElement":[{"@type":"ListItem","position":1,"name":"","item":"https:\/\/vdldemeeuw.be\/fr\/"},{"@type":"ListItem","position":2,"name":"Clause de non-responsabilit\u00e9"}]},{"@type":"WebSite","@id":"https:\/\/vdldemeeuw.be\/fr\/#website","url":"https:\/\/vdldemeeuw.be\/fr\/","name":"VDL De Meeuw FR","description":"","potentialAction":[{"@type":"SearchAction","target":{"@type":"EntryPoint","urlTemplate":"https:\/\/vdldemeeuw.be\/fr\/?search-query={search_term_string}"},"query-input":{"@type":"PropertyValueSpecification","valueRequired":true,"valueName":"search_term_string"}}],"inLanguage":"fr-FR"}]}},"_links":{"self":[{"href":"https:\/\/vdldemeeuw.be\/fr\/wp-json\/wp\/v2\/pages\/6644","targetHints":{"allow":["GET"]}}],"collection":[{"href":"https:\/\/vdldemeeuw.be\/fr\/wp-json\/wp\/v2\/pages"}],"about":[{"href":"https:\/\/vdldemeeuw.be\/fr\/wp-json\/wp\/v2\/types\/page"}],"author":[{"embeddable":true,"href":"https:\/\/vdldemeeuw.be\/fr\/wp-json\/wp\/v2\/users\/19"}],"replies":[{"embeddable":true,"href":"https:\/\/vdldemeeuw.be\/fr\/wp-json\/wp\/v2\/comments?post=6644"}],"version-history":[{"count":5,"href":"https:\/\/vdldemeeuw.be\/fr\/wp-json\/wp\/v2\/pages\/6644\/revisions"}],"predecessor-version":[{"id":8893,"href":"https:\/\/vdldemeeuw.be\/fr\/wp-json\/wp\/v2\/pages\/6644\/revisions\/8893"}],"wp:attachment":[{"href":"https:\/\/vdldemeeuw.be\/fr\/wp-json\/wp\/v2\/media?parent=6644"}],"curies":[{"name":"wp","href":"https:\/\/api.w.org\/{rel}","templated":true}]}}