{"id":2343,"date":"2024-06-07T14:06:14","date_gmt":"2024-06-07T12:06:14","guid":{"rendered":"https:\/\/vdldemeeuw.be\/fr\/?page_id=2343"},"modified":"2025-06-27T11:29:10","modified_gmt":"2025-06-27T09:29:10","slug":"merci-avoir-demande-notre-brochure","status":"publish","type":"page","link":"https:\/\/vdldemeeuw.be\/fr\/merci-avoir-demande-notre-brochure\/","title":{"rendered":"Merci d&rsquo;avoir demand\u00e9 notre brochure"},"content":{"rendered":"<h2 class=\"novi-block block-heading h2\"data-mb=\"smaller\" id=\"novi-heading-d6c0f5d3-650d-4e2c-98bb-691c4fab291d\">Merci d\u2019avoir demand\u00e9 notre brochure ! Vous recevrez bient\u00f4t la brochure par e-mail.<\/h2>\n\n<p class=\"novi-block block-paragraph\"data-mb=\"small\">Besoin des services suppl\u00e9mentaires pour votre projet de construction ? N\u2019h\u00e9sitez pas \u00e0 nous contacter, nous serons ravis de vous aider.<br><br><br><br><br><br><br><\/p>","protected":false},"excerpt":{"rendered":"","protected":false},"author":3,"featured_media":0,"parent":0,"menu_order":4,"comment_status":"closed","ping_status":"closed","template":"","meta":{"_acf_changed":false,"footnotes":""},"class_list":["post-2343","page","type-page","status-publish","hentry"],"acf":[],"yoast_head":"<title>Merci pour votre int\u00e9r\u00eat | VDL De Meeuw<\/title>\n<meta name=\"description\" content=\"Merci pour votre int\u00e9r\u00eat ! Votre t\u00e9l\u00e9chargement est pr\u00eat. D\u00e9couvrez comment VDL De Meeuw transforme vos espaces modulaires d\u00e8s aujourd\u2019hui.\" \/>\n<meta name=\"robots\" content=\"index, follow, max-snippet:-1, max-image-preview:large, max-video-preview:-1\" \/>\n<link rel=\"canonical\" href=\"https:\/\/vdldemeeuw.be\/fr\/merci-avoir-demande-notre-brochure\/\" \/>\n<meta property=\"og:locale\" content=\"fr_FR\" \/>\n<meta property=\"og:type\" content=\"article\" \/>\n<meta property=\"og:title\" content=\"Merci pour votre int\u00e9r\u00eat | VDL De Meeuw\" \/>\n<meta property=\"og:description\" content=\"Merci pour votre int\u00e9r\u00eat ! Votre t\u00e9l\u00e9chargement est pr\u00eat. D\u00e9couvrez comment VDL De Meeuw transforme vos espaces modulaires d\u00e8s aujourd\u2019hui.\" \/>\n<meta property=\"og:url\" content=\"https:\/\/vdldemeeuw.be\/fr\/merci-avoir-demande-notre-brochure\/\" \/>\n<meta property=\"og:site_name\" content=\"VDL De Meeuw FR\" \/>\n<meta property=\"article:modified_time\" content=\"2025-06-27T09:29:10+00:00\" \/>\n<meta name=\"twitter:card\" content=\"summary_large_image\" \/>\n<script type=\"application\/ld+json\" class=\"yoast-schema-graph\">{\"@context\":\"https:\/\/schema.org\",\"@graph\":[{\"@type\":\"WebPage\",\"@id\":\"https:\/\/vdldemeeuw.be\/fr\/merci-avoir-demande-notre-brochure\/\",\"url\":\"https:\/\/vdldemeeuw.be\/fr\/merci-avoir-demande-notre-brochure\/\",\"name\":\"Merci pour votre int\u00e9r\u00eat | VDL De Meeuw\",\"isPartOf\":{\"@id\":\"https:\/\/vdldemeeuw.be\/fr\/#website\"},\"datePublished\":\"2024-06-07T12:06:14+00:00\",\"dateModified\":\"2025-06-27T09:29:10+00:00\",\"description\":\"Merci pour votre int\u00e9r\u00eat ! Votre t\u00e9l\u00e9chargement est pr\u00eat. D\u00e9couvrez comment VDL De Meeuw transforme vos espaces modulaires d\u00e8s aujourd\u2019hui.\",\"breadcrumb\":{\"@id\":\"https:\/\/vdldemeeuw.be\/fr\/merci-avoir-demande-notre-brochure\/#breadcrumb\"},\"inLanguage\":\"fr-FR\",\"potentialAction\":[{\"@type\":\"ReadAction\",\"target\":[\"https:\/\/vdldemeeuw.be\/fr\/merci-avoir-demande-notre-brochure\/\"]}]},{\"@type\":\"BreadcrumbList\",\"@id\":\"https:\/\/vdldemeeuw.be\/fr\/merci-avoir-demande-notre-brochure\/#breadcrumb\",\"itemListElement\":[{\"@type\":\"ListItem\",\"position\":1,\"name\":\"\",\"item\":\"https:\/\/vdldemeeuw.be\/fr\/\"},{\"@type\":\"ListItem\",\"position\":2,\"name\":\"Merci d&rsquo;avoir demand\u00e9 notre brochure\"}]},{\"@type\":\"WebSite\",\"@id\":\"https:\/\/vdldemeeuw.be\/fr\/#website\",\"url\":\"https:\/\/vdldemeeuw.be\/fr\/\",\"name\":\"VDL De Meeuw FR\",\"description\":\"\",\"potentialAction\":[{\"@type\":\"SearchAction\",\"target\":{\"@type\":\"EntryPoint\",\"urlTemplate\":\"https:\/\/vdldemeeuw.be\/fr\/?search-query={search_term_string}\"},\"query-input\":{\"@type\":\"PropertyValueSpecification\",\"valueRequired\":true,\"valueName\":\"search_term_string\"}}],\"inLanguage\":\"fr-FR\"}]}<\/script>","yoast_head_json":{"title":"Merci pour votre int\u00e9r\u00eat | VDL De Meeuw","description":"Merci pour votre int\u00e9r\u00eat ! Votre t\u00e9l\u00e9chargement est pr\u00eat. D\u00e9couvrez comment VDL De Meeuw transforme vos espaces modulaires d\u00e8s aujourd\u2019hui.","robots":{"index":"index","follow":"follow","max-snippet":"max-snippet:-1","max-image-preview":"max-image-preview:large","max-video-preview":"max-video-preview:-1"},"canonical":"https:\/\/vdldemeeuw.be\/fr\/merci-avoir-demande-notre-brochure\/","og_locale":"fr_FR","og_type":"article","og_title":"Merci pour votre int\u00e9r\u00eat | VDL De Meeuw","og_description":"Merci pour votre int\u00e9r\u00eat ! Votre t\u00e9l\u00e9chargement est pr\u00eat. D\u00e9couvrez comment VDL De Meeuw transforme vos espaces modulaires d\u00e8s aujourd\u2019hui.","og_url":"https:\/\/vdldemeeuw.be\/fr\/merci-avoir-demande-notre-brochure\/","og_site_name":"VDL De Meeuw FR","article_modified_time":"2025-06-27T09:29:10+00:00","twitter_card":"summary_large_image","schema":{"@context":"https:\/\/schema.org","@graph":[{"@type":"WebPage","@id":"https:\/\/vdldemeeuw.be\/fr\/merci-avoir-demande-notre-brochure\/","url":"https:\/\/vdldemeeuw.be\/fr\/merci-avoir-demande-notre-brochure\/","name":"Merci pour votre int\u00e9r\u00eat | VDL De Meeuw","isPartOf":{"@id":"https:\/\/vdldemeeuw.be\/fr\/#website"},"datePublished":"2024-06-07T12:06:14+00:00","dateModified":"2025-06-27T09:29:10+00:00","description":"Merci pour votre int\u00e9r\u00eat ! Votre t\u00e9l\u00e9chargement est pr\u00eat. D\u00e9couvrez comment VDL De Meeuw transforme vos espaces modulaires d\u00e8s aujourd\u2019hui.","breadcrumb":{"@id":"https:\/\/vdldemeeuw.be\/fr\/merci-avoir-demande-notre-brochure\/#breadcrumb"},"inLanguage":"fr-FR","potentialAction":[{"@type":"ReadAction","target":["https:\/\/vdldemeeuw.be\/fr\/merci-avoir-demande-notre-brochure\/"]}]},{"@type":"BreadcrumbList","@id":"https:\/\/vdldemeeuw.be\/fr\/merci-avoir-demande-notre-brochure\/#breadcrumb","itemListElement":[{"@type":"ListItem","position":1,"name":"","item":"https:\/\/vdldemeeuw.be\/fr\/"},{"@type":"ListItem","position":2,"name":"Merci d&rsquo;avoir demand\u00e9 notre brochure"}]},{"@type":"WebSite","@id":"https:\/\/vdldemeeuw.be\/fr\/#website","url":"https:\/\/vdldemeeuw.be\/fr\/","name":"VDL De Meeuw FR","description":"","potentialAction":[{"@type":"SearchAction","target":{"@type":"EntryPoint","urlTemplate":"https:\/\/vdldemeeuw.be\/fr\/?search-query={search_term_string}"},"query-input":{"@type":"PropertyValueSpecification","valueRequired":true,"valueName":"search_term_string"}}],"inLanguage":"fr-FR"}]}},"_links":{"self":[{"href":"https:\/\/vdldemeeuw.be\/fr\/wp-json\/wp\/v2\/pages\/2343","targetHints":{"allow":["GET"]}}],"collection":[{"href":"https:\/\/vdldemeeuw.be\/fr\/wp-json\/wp\/v2\/pages"}],"about":[{"href":"https:\/\/vdldemeeuw.be\/fr\/wp-json\/wp\/v2\/types\/page"}],"author":[{"embeddable":true,"href":"https:\/\/vdldemeeuw.be\/fr\/wp-json\/wp\/v2\/users\/3"}],"replies":[{"embeddable":true,"href":"https:\/\/vdldemeeuw.be\/fr\/wp-json\/wp\/v2\/comments?post=2343"}],"version-history":[{"count":6,"href":"https:\/\/vdldemeeuw.be\/fr\/wp-json\/wp\/v2\/pages\/2343\/revisions"}],"predecessor-version":[{"id":10798,"href":"https:\/\/vdldemeeuw.be\/fr\/wp-json\/wp\/v2\/pages\/2343\/revisions\/10798"}],"wp:attachment":[{"href":"https:\/\/vdldemeeuw.be\/fr\/wp-json\/wp\/v2\/media?parent=2343"}],"curies":[{"name":"wp","href":"https:\/\/api.w.org\/{rel}","templated":true}]}}